{"id":1948,"date":"2025-01-09T12:39:55","date_gmt":"2025-01-09T12:39:55","guid":{"rendered":"https:\/\/hcproas.com\/?page_id=1948"},"modified":"2025-01-09T14:02:33","modified_gmt":"2025-01-09T14:02:33","slug":"fondi","status":"publish","type":"page","link":"https:\/\/hcproas.com\/ru\/fondi\/","title":{"rendered":"Fondi"},"content":{"rendered":"\n<style type=\"text\/css\" data-created_by=\"avia_inline_auto\" id=\"style-css-av-3z4nba-07fa99ab64606170d2d6593e42aa0ebb\">\n.flex_column.av-3z4nba-07fa99ab64606170d2d6593e42aa0ebb{\npadding:100px 0 100px 0;\n}\n<\/style>\n<div  class='flex_column av-3z4nba-07fa99ab64606170d2d6593e42aa0ebb av_two_third  avia-builder-el-0  el_before_av_one_third  avia-builder-el-first  first flex_column_div  '     ><style type=\"text\/css\" data-created_by=\"avia_inline_auto\" id=\"style-css-av-m5pb9bqi-937d4a9cbc55fd67bb8bf82c7b0387b3\">\n#top .av_textblock_section.av-m5pb9bqi-937d4a9cbc55fd67bb8bf82c7b0387b3 .avia_textblock{\nfont-size:20px;\n}\n<\/style>\n<section  class='av_textblock_section av-m5pb9bqi-937d4a9cbc55fd67bb8bf82c7b0387b3 '   itemscope=\"itemscope\" itemtype=\"https:\/\/schema.org\/CreativeWork\" ><div class='avia_textblock'  itemprop=\"text\" ><p>HC PRO AS projekt: \u201e\u00d5iglase \u00fclemineku fondi toetusega Kohtla-J\u00e4rvele fitness keskuse loomine\u201c<\/p>\n<p>K\u00e4esoleva projekti raames rajatakse Kohtla-J\u00e4rvele kaasaegne fitnesskeskus, mis pakub piirkonna elanikele v\u00f5imalusi aktiivseks vaba aja veetmiseks ja tervislikuks eluviisiks. Projektiga luuakse uusi t\u00f6\u00f6kohti ning algatatakse igan\u00e4dalased tasuta treeningud lastekodulastele, mida saadavad kerged suupisted.<\/p>\n<p>Fitness Keskusest saab kogukonna kohtumispaik, kus edendatakse tervislikke eluviise ja \u00fchtekuuluvustunnet. Projekti raames kaasajastatakse hooneid, et v\u00e4hendada energiakulusid ning lisatakse meeste ja naiste jaoks eraldi invatualetid ja ratastoolis\u00f5bralikud pesemisv\u00f5imalused.<\/p>\n<p>HC PRO AS eesm\u00e4rk on pakkuda kvaliteetseid treeningv\u00f5imalusi k\u00f5igile ning luua ruumid, mis on ligip\u00e4\u00e4setavad ja mugavad k\u00f5igile k\u00fclastajatele. Fitnesskeskus avatakse juba sellel kevadel.<\/p>\n<\/div><\/section><\/div>\n<style type=\"text\/css\" data-created_by=\"avia_inline_auto\" id=\"style-css-av-34nwae-ea8a89f2e2a332230b5fe29dea2a8ec0\">\n.flex_column.av-34nwae-ea8a89f2e2a332230b5fe29dea2a8ec0{\npadding:100px 0 100px 0;\n}\n<\/style>\n<div  class='flex_column av-34nwae-ea8a89f2e2a332230b5fe29dea2a8ec0 av_one_third  avia-builder-el-2  el_after_av_two_third  avia-builder-el-last  flex_column_div  '     ><p>\n<style type=\"text\/css\" data-created_by=\"avia_inline_auto\" id=\"style-css-av-m5pb2jwl-3d41dce263c26ac598ddc9e6c98df164\">\n.avia-image-container.av-m5pb2jwl-3d41dce263c26ac598ddc9e6c98df164 img.avia_image{\nbox-shadow:none;\n}\n.avia-image-container.av-m5pb2jwl-3d41dce263c26ac598ddc9e6c98df164 .av-image-caption-overlay-center{\ncolor:#ffffff;\n}\n<\/style>\n<div  class='avia-image-container av-m5pb2jwl-3d41dce263c26ac598ddc9e6c98df164 av-styling- avia-align-center  avia-builder-el-3  el_before_av_image  avia-builder-el-first '   itemprop=\"image\" itemscope=\"itemscope\" itemtype=\"https:\/\/schema.org\/ImageObject\" ><div class=\"avia-image-container-inner\"><div class=\"avia-image-overlay-wrap\"><img decoding=\"async\" fetchpriority=\"high\" class='wp-image-1869 avia-img-lazy-loading-not-1869 avia_image ' src=\"https:\/\/hcproas.com\/wp-content\/uploads\/2024\/12\/ES-FLAG-1-300x300.png\" alt='' title='ES-FLAG-1'  height=\"300\" width=\"300\"  itemprop=\"thumbnailUrl\" srcset=\"https:\/\/hcproas.com\/wp-content\/uploads\/2024\/12\/ES-FLAG-1-300x300.png 300w, https:\/\/hcproas.com\/wp-content\/uploads\/2024\/12\/ES-FLAG-1-80x80.png 80w, https:\/\/hcproas.com\/wp-content\/uploads\/2024\/12\/ES-FLAG-1-36x36.png 36w, https:\/\/hcproas.com\/wp-content\/uploads\/2024\/12\/ES-FLAG-1-180x180.png 180w, https:\/\/hcproas.com\/wp-content\/uploads\/2024\/12\/ES-FLAG-1.png 575w\" sizes=\"(max-width: 300px) 100vw, 300px\" \/><\/div><\/div><\/div><br \/>\n<\/p><\/div><\/p>\n","protected":false},"excerpt":{"rendered":"","protected":false},"author":1,"featured_media":0,"parent":0,"menu_order":0,"comment_status":"closed","ping_status":"closed","template":"","meta":{"footnotes":""},"class_list":["post-1948","page","type-page","status-publish","hentry"],"yoast_head":"<!-- This site is optimized with the Yoast SEO plugin v26.8 - https:\/\/yoast.com\/product\/yoast-seo-wordpress\/ -->\n<title>Fondi - HC PRO<\/title>\n<meta name=\"robots\" content=\"index, follow, max-snippet:-1, max-image-preview:large, max-video-preview:-1\" \/>\n<link rel=\"canonical\" href=\"https:\/\/hcproas.com\/ru\/fondi\/\" \/>\n<meta property=\"og:locale\" content=\"ru_RU\" \/>\n<meta property=\"og:type\" content=\"article\" \/>\n<meta property=\"og:title\" content=\"Fondi - HC PRO\" \/>\n<meta property=\"og:url\" content=\"https:\/\/hcproas.com\/ru\/fondi\/\" \/>\n<meta property=\"og:site_name\" content=\"HC PRO\" \/>\n<meta property=\"article:modified_time\" content=\"2025-01-09T14:02:33+00:00\" \/>\n<meta name=\"twitter:card\" content=\"summary_large_image\" \/>\n<meta name=\"twitter:label1\" content=\"\u041f\u0440\u0438\u043c\u0435\u0440\u043d\u043e\u0435 \u0432\u0440\u0435\u043c\u044f \u0434\u043b\u044f \u0447\u0442\u0435\u043d\u0438\u044f\" \/>\n\t<meta name=\"twitter:data1\" content=\"3 \u043c\u0438\u043d\u0443\u0442\u044b\" \/>\n<script type=\"application\/ld+json\" class=\"yoast-schema-graph\">{\"@context\":\"https:\/\/schema.org\",\"@graph\":[{\"@type\":\"WebPage\",\"@id\":\"https:\/\/hcproas.com\/ru\/fondi\/\",\"url\":\"https:\/\/hcproas.com\/ru\/fondi\/\",\"name\":\"Fondi - HC PRO\",\"isPartOf\":{\"@id\":\"https:\/\/hcproas.com\/ru\/#website\"},\"datePublished\":\"2025-01-09T12:39:55+00:00\",\"dateModified\":\"2025-01-09T14:02:33+00:00\",\"breadcrumb\":{\"@id\":\"https:\/\/hcproas.com\/ru\/fondi\/#breadcrumb\"},\"inLanguage\":\"ru-RU\",\"potentialAction\":[{\"@type\":\"ReadAction\",\"target\":[\"https:\/\/hcproas.com\/ru\/fondi\/\"]}]},{\"@type\":\"BreadcrumbList\",\"@id\":\"https:\/\/hcproas.com\/ru\/fondi\/#breadcrumb\",\"itemListElement\":[{\"@type\":\"ListItem\",\"position\":1,\"name\":\"Home\",\"item\":\"https:\/\/hcproas.com\/ru\/glavnaya\/\"},{\"@type\":\"ListItem\",\"position\":2,\"name\":\"Fondi\"}]},{\"@type\":\"WebSite\",\"@id\":\"https:\/\/hcproas.com\/ru\/#website\",\"url\":\"https:\/\/hcproas.com\/ru\/\",\"name\":\"HC PRO\",\"description\":\"PROGRESS MATTERS\",\"potentialAction\":[{\"@type\":\"SearchAction\",\"target\":{\"@type\":\"EntryPoint\",\"urlTemplate\":\"https:\/\/hcproas.com\/ru\/?s={search_term_string}\"},\"query-input\":{\"@type\":\"PropertyValueSpecification\",\"valueRequired\":true,\"valueName\":\"search_term_string\"}}],\"inLanguage\":\"ru-RU\"}]}<\/script>\n<!-- \/ Yoast SEO plugin. -->","yoast_head_json":{"title":"Fondi - HC PRO","robots":{"index":"index","follow":"follow","max-snippet":"max-snippet:-1","max-image-preview":"max-image-preview:large","max-video-preview":"max-video-preview:-1"},"canonical":"https:\/\/hcproas.com\/ru\/fondi\/","og_locale":"ru_RU","og_type":"article","og_title":"Fondi - HC PRO","og_url":"https:\/\/hcproas.com\/ru\/fondi\/","og_site_name":"HC PRO","article_modified_time":"2025-01-09T14:02:33+00:00","twitter_card":"summary_large_image","twitter_misc":{"\u041f\u0440\u0438\u043c\u0435\u0440\u043d\u043e\u0435 \u0432\u0440\u0435\u043c\u044f \u0434\u043b\u044f \u0447\u0442\u0435\u043d\u0438\u044f":"3 \u043c\u0438\u043d\u0443\u0442\u044b"},"schema":{"@context":"https:\/\/schema.org","@graph":[{"@type":"WebPage","@id":"https:\/\/hcproas.com\/ru\/fondi\/","url":"https:\/\/hcproas.com\/ru\/fondi\/","name":"Fondi - HC PRO","isPartOf":{"@id":"https:\/\/hcproas.com\/ru\/#website"},"datePublished":"2025-01-09T12:39:55+00:00","dateModified":"2025-01-09T14:02:33+00:00","breadcrumb":{"@id":"https:\/\/hcproas.com\/ru\/fondi\/#breadcrumb"},"inLanguage":"ru-RU","potentialAction":[{"@type":"ReadAction","target":["https:\/\/hcproas.com\/ru\/fondi\/"]}]},{"@type":"BreadcrumbList","@id":"https:\/\/hcproas.com\/ru\/fondi\/#breadcrumb","itemListElement":[{"@type":"ListItem","position":1,"name":"Home","item":"https:\/\/hcproas.com\/ru\/glavnaya\/"},{"@type":"ListItem","position":2,"name":"Fondi"}]},{"@type":"WebSite","@id":"https:\/\/hcproas.com\/ru\/#website","url":"https:\/\/hcproas.com\/ru\/","name":"HC PRO","description":"PROGRESS MATTERS","potentialAction":[{"@type":"SearchAction","target":{"@type":"EntryPoint","urlTemplate":"https:\/\/hcproas.com\/ru\/?s={search_term_string}"},"query-input":{"@type":"PropertyValueSpecification","valueRequired":true,"valueName":"search_term_string"}}],"inLanguage":"ru-RU"}]}},"_links":{"self":[{"href":"https:\/\/hcproas.com\/ru\/wp-json\/wp\/v2\/pages\/1948","targetHints":{"allow":["GET"]}}],"collection":[{"href":"https:\/\/hcproas.com\/ru\/wp-json\/wp\/v2\/pages"}],"about":[{"href":"https:\/\/hcproas.com\/ru\/wp-json\/wp\/v2\/types\/page"}],"author":[{"embeddable":true,"href":"https:\/\/hcproas.com\/ru\/wp-json\/wp\/v2\/users\/1"}],"replies":[{"embeddable":true,"href":"https:\/\/hcproas.com\/ru\/wp-json\/wp\/v2\/comments?post=1948"}],"version-history":[{"count":3,"href":"https:\/\/hcproas.com\/ru\/wp-json\/wp\/v2\/pages\/1948\/revisions"}],"predecessor-version":[{"id":1960,"href":"https:\/\/hcproas.com\/ru\/wp-json\/wp\/v2\/pages\/1948\/revisions\/1960"}],"wp:attachment":[{"href":"https:\/\/hcproas.com\/ru\/wp-json\/wp\/v2\/media?parent=1948"}],"curies":[{"name":"wp","href":"https:\/\/api.w.org\/{rel}","templated":true}]}}