{"id":1987,"date":"2025-07-27T15:13:27","date_gmt":"2025-07-27T15:13:27","guid":{"rendered":"https:\/\/hcproas.com\/blog\/"},"modified":"2025-07-27T15:13:27","modified_gmt":"2025-07-27T15:13:27","slug":"blog","status":"publish","type":"page","link":"https:\/\/hcproas.com\/fi\/blog\/","title":{"rendered":"Blog"},"content":{"rendered":"<div  class='flex_column av-4ff2gl-ac06cdba348fad2baad08ed1cf4f0bed av_one_full  avia-builder-el-0  avia-builder-el-no-sibling  first flex_column_div  '     ><div  class='av-alb-blogposts template-blog  av-blog-meta-author-disabled av-blog-meta-comments-disabled av-blog-meta-category-disabled av-blog-meta-date-disabled av-blog-meta-html-info-disabled av-blog-meta-tag-disabled '  itemscope=\"itemscope\" itemtype=\"https:\/\/schema.org\/Blog\" ><article class=\"post-entry post-entry-type-standard post-entry-1981 post-loop-1 post-parity-odd post-entry-last bloglist-excerpt  post-1981 post type-post status-publish format-standard hentry category-uutiset\"  itemscope=\"itemscope\" itemtype=\"https:\/\/schema.org\/BlogPosting\" ><div class=\"blog-meta\"><\/div><div class='entry-content-wrapper clearfix standard-content'><header class=\"entry-content-header\" aria-label=\"Post: HC PRO AS \u2013 Kasvua ja kehityst\u00e4 vaikeina aikoina\"><h2 class='post-title entry-title '  itemprop=\"headline\" ><a href=\"https:\/\/hcproas.com\/fi\/uutiset\/hc-pro-as\/\" rel=\"bookmark\" title=\"Permanent Link: HC PRO AS \u2013 Kasvua ja kehityst\u00e4 vaikeina aikoina\">HC PRO AS \u2013 Kasvua ja kehityst\u00e4 vaikeina aikoina<span class=\"post-format-icon minor-meta\"><\/span><\/a><\/h2><\/header><span class=\"post-meta-infos\"><\/span><p>23.07.2025 Maailmantalouden ep\u00e4varmuus ja kotimaiset veronkorotukset ovat vaikuttaneet merkitt\u00e4v\u00e4sti kulutukseen ja vapaa-ajan toimialoihin. Siit\u00e4 huolimatta HC PRO AS on jatkanut vahvaa kehityst\u00e4 \u2013 laajentumalla uusiin kaupunkeihin, kehitt\u00e4m\u00e4ll\u00e4 t\u00e4ysin\u00a0ainutlaatuisia kuntosalilaitteita\u00a0ja vahvistamalla valikoimaansa asiakkaiden uusien tottumusten mukaan. Uudet Hot Lips -myym\u00e4l\u00e4t Tartossa, P\u00e4rnussa ja Narvassa Vuoden 2025 aikana avasimme\u00a0Hot Lips -erotiikkamyym\u00e4l\u00e4t\u00a0L\u00f5unakeskukseen Tartossa ja P\u00e4rnu Keskukseen P\u00e4rnussa franchising-periaatteella. [&hellip;]<\/p>\n<div class=\"read-more-link\"><a href=\"https:\/\/hcproas.com\/fi\/uutiset\/hc-pro-as\/\" class=\"more-link\">Lue lis\u00e4\u00e4\n\n\n\n\n\n\n\n\nAsk ChatGPT\n<span class=\"more-link-arrow\"><\/span><\/a><\/div><footer class=\"entry-footer\"><\/footer><div class='post_delimiter'><\/div><\/div><div class=\"post_author_timeline\"><\/div><span class='hidden'>\n\t\t\t\t<span class='av-structured-data'  itemprop=\"image\" itemscope=\"itemscope\" itemtype=\"https:\/\/schema.org\/ImageObject\" >\n\t\t\t\t\t\t<span itemprop='url'>https:\/\/hcproas.com\/wp-content\/uploads\/2021\/05\/trilogo-final-final.png<\/span>\n\t\t\t\t\t\t<span itemprop='height'>0<\/span>\n\t\t\t\t\t\t<span itemprop='width'>0<\/span>\n\t\t\t\t<\/span>\n\t\t\t\t<span class='av-structured-data'  itemprop=\"publisher\" itemtype=\"https:\/\/schema.org\/Organization\" itemscope=\"itemscope\" >\n\t\t\t\t\t\t<span itemprop='name'>admin<\/span>\n\t\t\t\t\t\t<span itemprop='logo' itemscope itemtype='https:\/\/schema.org\/ImageObject'>\n\t\t\t\t\t\t\t<span itemprop='url'>https:\/\/hcproas.com\/wp-content\/uploads\/2021\/05\/trilogo-final-final.png<\/span>\n\t\t\t\t\t\t<\/span>\n\t\t\t\t<\/span><span class='av-structured-data'  itemprop=\"author\" itemscope=\"itemscope\" itemtype=\"https:\/\/schema.org\/Person\" ><span itemprop='name'>admin<\/span><\/span><span class='av-structured-data'  itemprop=\"datePublished\" datetime=\"2025-07-27T15:18:13+00:00\" >2025-07-27 15:18:13<\/span><span class='av-structured-data'  itemprop=\"dateModified\" itemtype=\"https:\/\/schema.org\/dateModified\" >2025-07-27 15:34:04<\/span><span class='av-structured-data'  itemprop=\"mainEntityOfPage\" itemtype=\"https:\/\/schema.org\/mainEntityOfPage\" ><span itemprop='name'>HC PRO AS \u2013 Kasvua ja kehityst\u00e4 vaikeina aikoina<\/span><\/span><\/span><\/article><div class='bloglist-excerpt'><\/div><\/div><\/div>\n","protected":false},"excerpt":{"rendered":"","protected":false},"author":1,"featured_media":0,"parent":0,"menu_order":0,"comment_status":"closed","ping_status":"closed","template":"","meta":{"footnotes":""},"class_list":["post-1987","page","type-page","status-publish","hentry"],"yoast_head":"<!-- This site is optimized with the Yoast SEO plugin v26.8 - https:\/\/yoast.com\/product\/yoast-seo-wordpress\/ -->\n<title>Blog - HC PRO<\/title>\n<meta name=\"robots\" content=\"index, follow, max-snippet:-1, max-image-preview:large, max-video-preview:-1\" \/>\n<link rel=\"canonical\" href=\"https:\/\/hcproas.com\/fi\/blog\/\" \/>\n<meta property=\"og:locale\" content=\"fi_FI\" \/>\n<meta property=\"og:type\" content=\"article\" \/>\n<meta property=\"og:title\" content=\"Blog - HC PRO\" \/>\n<meta property=\"og:url\" content=\"https:\/\/hcproas.com\/fi\/blog\/\" \/>\n<meta property=\"og:site_name\" content=\"HC PRO\" \/>\n<meta name=\"twitter:card\" content=\"summary_large_image\" \/>\n<meta name=\"twitter:label1\" content=\"Arvioitu lukuaika\" \/>\n\t<meta name=\"twitter:data1\" content=\"3 minuuttia\" \/>\n<script type=\"application\/ld+json\" class=\"yoast-schema-graph\">{\"@context\":\"https:\/\/schema.org\",\"@graph\":[{\"@type\":\"WebPage\",\"@id\":\"https:\/\/hcproas.com\/fi\/blog\/\",\"url\":\"https:\/\/hcproas.com\/fi\/blog\/\",\"name\":\"Blog - HC PRO\",\"isPartOf\":{\"@id\":\"https:\/\/hcproas.com\/fi\/#website\"},\"datePublished\":\"2025-07-27T15:13:27+00:00\",\"breadcrumb\":{\"@id\":\"https:\/\/hcproas.com\/fi\/blog\/#breadcrumb\"},\"inLanguage\":\"fi\",\"potentialAction\":[{\"@type\":\"ReadAction\",\"target\":[\"https:\/\/hcproas.com\/fi\/blog\/\"]}]},{\"@type\":\"BreadcrumbList\",\"@id\":\"https:\/\/hcproas.com\/fi\/blog\/#breadcrumb\",\"itemListElement\":[{\"@type\":\"ListItem\",\"position\":1,\"name\":\"Home\",\"item\":\"https:\/\/hcproas.com\/fi\/esileht\/\"},{\"@type\":\"ListItem\",\"position\":2,\"name\":\"Blog\"}]},{\"@type\":\"WebSite\",\"@id\":\"https:\/\/hcproas.com\/fi\/#website\",\"url\":\"https:\/\/hcproas.com\/fi\/\",\"name\":\"HC PRO\",\"description\":\"PROGRESS MATTERS\",\"potentialAction\":[{\"@type\":\"SearchAction\",\"target\":{\"@type\":\"EntryPoint\",\"urlTemplate\":\"https:\/\/hcproas.com\/fi\/?s={search_term_string}\"},\"query-input\":{\"@type\":\"PropertyValueSpecification\",\"valueRequired\":true,\"valueName\":\"search_term_string\"}}],\"inLanguage\":\"fi\"}]}<\/script>\n<!-- \/ Yoast SEO plugin. -->","yoast_head_json":{"title":"Blog - HC PRO","robots":{"index":"index","follow":"follow","max-snippet":"max-snippet:-1","max-image-preview":"max-image-preview:large","max-video-preview":"max-video-preview:-1"},"canonical":"https:\/\/hcproas.com\/fi\/blog\/","og_locale":"fi_FI","og_type":"article","og_title":"Blog - HC PRO","og_url":"https:\/\/hcproas.com\/fi\/blog\/","og_site_name":"HC PRO","twitter_card":"summary_large_image","twitter_misc":{"Arvioitu lukuaika":"3 minuuttia"},"schema":{"@context":"https:\/\/schema.org","@graph":[{"@type":"WebPage","@id":"https:\/\/hcproas.com\/fi\/blog\/","url":"https:\/\/hcproas.com\/fi\/blog\/","name":"Blog - HC PRO","isPartOf":{"@id":"https:\/\/hcproas.com\/fi\/#website"},"datePublished":"2025-07-27T15:13:27+00:00","breadcrumb":{"@id":"https:\/\/hcproas.com\/fi\/blog\/#breadcrumb"},"inLanguage":"fi","potentialAction":[{"@type":"ReadAction","target":["https:\/\/hcproas.com\/fi\/blog\/"]}]},{"@type":"BreadcrumbList","@id":"https:\/\/hcproas.com\/fi\/blog\/#breadcrumb","itemListElement":[{"@type":"ListItem","position":1,"name":"Home","item":"https:\/\/hcproas.com\/fi\/esileht\/"},{"@type":"ListItem","position":2,"name":"Blog"}]},{"@type":"WebSite","@id":"https:\/\/hcproas.com\/fi\/#website","url":"https:\/\/hcproas.com\/fi\/","name":"HC PRO","description":"PROGRESS MATTERS","potentialAction":[{"@type":"SearchAction","target":{"@type":"EntryPoint","urlTemplate":"https:\/\/hcproas.com\/fi\/?s={search_term_string}"},"query-input":{"@type":"PropertyValueSpecification","valueRequired":true,"valueName":"search_term_string"}}],"inLanguage":"fi"}]}},"_links":{"self":[{"href":"https:\/\/hcproas.com\/fi\/wp-json\/wp\/v2\/pages\/1987","targetHints":{"allow":["GET"]}}],"collection":[{"href":"https:\/\/hcproas.com\/fi\/wp-json\/wp\/v2\/pages"}],"about":[{"href":"https:\/\/hcproas.com\/fi\/wp-json\/wp\/v2\/types\/page"}],"author":[{"embeddable":true,"href":"https:\/\/hcproas.com\/fi\/wp-json\/wp\/v2\/users\/1"}],"replies":[{"embeddable":true,"href":"https:\/\/hcproas.com\/fi\/wp-json\/wp\/v2\/comments?post=1987"}],"version-history":[{"count":0,"href":"https:\/\/hcproas.com\/fi\/wp-json\/wp\/v2\/pages\/1987\/revisions"}],"wp:attachment":[{"href":"https:\/\/hcproas.com\/fi\/wp-json\/wp\/v2\/media?parent=1987"}],"curies":[{"name":"wp","href":"https:\/\/api.w.org\/{rel}","templated":true}]}}